{"id":5699,"date":"2024-09-11T08:43:36","date_gmt":"2024-09-11T08:43:36","guid":{"rendered":"https:\/\/slidex.bio\/?page_id=5699"},"modified":"2024-10-06T13:40:27","modified_gmt":"2024-10-06T13:40:27","slug":"team","status":"publish","type":"page","link":"https:\/\/slidex.bio\/fr\/team\/","title":{"rendered":"\u00c9quipe"},"content":{"rendered":"<div data-elementor-type=\"wp-page\" data-elementor-id=\"5699\" class=\"elementor elementor-5699\" data-elementor-post-type=\"page\">\n\t\t\t\t<div class=\"elementor-element elementor-element-4052b80 e-flex e-con-boxed e-con e-parent\" data-id=\"4052b80\" data-element_type=\"container\" data-e-type=\"container\" data-settings=\"{&quot;background_background&quot;:&quot;classic&quot;,&quot;jet_parallax_layout_list&quot;:[]}\">\n\t\t\t\t\t<div class=\"e-con-inner\">\n\t\t\t\t<div class=\"elementor-element elementor-element-7d058ba elementor-invisible elementor-widget elementor-widget-text-editor\" data-id=\"7d058ba\" data-element_type=\"widget\" data-e-type=\"widget\" data-settings=\"{&quot;_animation&quot;:&quot;fadeIn&quot;,&quot;_animation_delay&quot;:400}\" data-widget_type=\"text-editor.default\">\n\t\t\t\t<div class=\"elementor-widget-container\">\n\t\t\t\t\t\t\t\t\t<p>Des experts d\u00e9vou\u00e9s engag\u00e9s dans l'innovation et l'excellence<\/p>\t\t\t\t\t\t\t\t<\/div>\n\t\t\t\t<\/div>\n\t\t\t\t\t<\/div>\n\t\t\t\t<\/div>\n\t\t<div class=\"elementor-element elementor-element-d165758 e-flex e-con-boxed e-con e-parent\" data-id=\"d165758\" data-element_type=\"container\" data-e-type=\"container\" data-settings=\"{&quot;background_background&quot;:&quot;classic&quot;,&quot;jet_parallax_layout_list&quot;:[]}\">\n\t\t\t\t\t<div class=\"e-con-inner\">\n\t\t\t\t<div class=\"elementor-element elementor-element-68800e9 elementor-invisible elementor-widget elementor-widget-heading\" data-id=\"68800e9\" data-element_type=\"widget\" data-e-type=\"widget\" data-settings=\"{&quot;_animation&quot;:&quot;fadeIn&quot;,&quot;_animation_delay&quot;:200}\" data-widget_type=\"heading.default\">\n\t\t\t\t<div class=\"elementor-widget-container\">\n\t\t\t\t\t<h2 class=\"elementor-heading-title elementor-size-default\">Une \u00e9quipe passionn\u00e9e, un engagement commun : l'excellence.<\/h2>\t\t\t\t<\/div>\n\t\t\t\t<\/div>\n\t\t\t\t<div class=\"elementor-element elementor-element-b02a221 elementor-invisible elementor-widget elementor-widget-text-editor\" data-id=\"b02a221\" data-element_type=\"widget\" data-e-type=\"widget\" data-settings=\"{&quot;_animation&quot;:&quot;fadeIn&quot;,&quot;_animation_delay&quot;:400}\" data-widget_type=\"text-editor.default\">\n\t\t\t\t<div class=\"elementor-widget-container\">\n\t\t\t\t\t\t\t\t\t<p>L\u2019innovation est notre moteur. Nous encourageons la cr\u00e9ativit\u00e9, l'exp\u00e9rimentation et la collaboration pour offrir des produits d\u2019une qualit\u00e9 exceptionnelle, tout en restant \u00e0 l\u2019avant-garde des \u00e9volutions technologiques. Chaque lame que nous fabriquons est le r\u00e9sultat d\u2019un savoir-faire minutieux, respectant les normes les plus strictes en mati\u00e8re de fiabilit\u00e9 et de performance.<\/p>\t\t\t\t\t\t\t\t<\/div>\n\t\t\t\t<\/div>\n\t\t\t\t<div class=\"elementor-element elementor-element-3e4a43c elementor-widget elementor-widget-jet-listing-grid\" data-id=\"3e4a43c\" data-element_type=\"widget\" data-e-type=\"widget\" data-settings=\"{&quot;columns&quot;:&quot;3&quot;,&quot;columns_tablet&quot;:&quot;2&quot;,&quot;columns_mobile&quot;:&quot;1&quot;}\" data-widget_type=\"jet-listing-grid.default\">\n\t\t\t\t<div class=\"elementor-widget-container\">\n\t\t\t\t\t<div class=\"jet-listing-grid jet-listing\"><div class=\"jet-listing-grid__slider\" data-slider_options=\"{&quot;autoplaySpeed&quot;:5000,&quot;autoplay&quot;:true,&quot;pauseOnHover&quot;:true,&quot;infinite&quot;:true,&quot;centerMode&quot;:false,&quot;speed&quot;:500,&quot;arrows&quot;:true,&quot;dots&quot;:false,&quot;slidesToScroll&quot;:1,&quot;prevArrow&quot;:&quot;&lt;div class=&#039;jet-listing-grid__slider-icon prev-arrow &#039; role=&#039;button&#039; aria-label=&#039;Previous&#039;&gt;&lt;svg width=&#039;180&#039; height=&#039;180&#039; viewBox=&#039;0 0 180 180&#039; fill=&#039;none&#039; xmlns=&#039;http:\\\/\\\/www.w3.org\\\/2000\\\/svg&#039;&gt;&lt;path d=&#039;M175 80.4926V99.4937C175 100.417 174.705 101.176 174.115 101.77C173.524 102.364 172.77 102.661 171.852 102.661H49.0741V124.828C49.0741 126.214 48.451 127.171 47.2049 127.698C45.9587 128.226 44.811 128.061 43.7616 127.204L5.9838 92.5662C5.32793 91.9064 5 91.1477 5 90.29C5 89.3664 5.32793 88.5747 5.9838 87.9149L43.7616 52.8817C44.811 51.958 45.9587 51.7601 47.2049 52.2879C48.451 52.8817 49.0741 53.8383 49.0741 55.1579V77.3258H171.852C172.77 77.3258 173.524 77.6227 174.115 78.2164C174.705 78.8102 175 79.5689 175 80.4926Z&#039; fill=&#039;black&#039;\\\/&gt;&lt;\\\/svg&gt;&lt;\\\/div&gt;&quot;,&quot;nextArrow&quot;:&quot;&lt;div class=&#039;jet-listing-grid__slider-icon next-arrow &#039; role=&#039;button&#039; aria-label=&#039;Next&#039;&gt;&lt;svg width=&#039;180&#039; height=&#039;180&#039; viewBox=&#039;0 0 180 180&#039; fill=&#039;none&#039; xmlns=&#039;http:\\\/\\\/www.w3.org\\\/2000\\\/svg&#039;&gt;&lt;path d=&#039;M175 80.4926V99.4937C175 100.417 174.705 101.176 174.115 101.77C173.524 102.364 172.77 102.661 171.852 102.661H49.0741V124.828C49.0741 126.214 48.451 127.171 47.2049 127.698C45.9587 128.226 44.811 128.061 43.7616 127.204L5.9838 92.5662C5.32793 91.9064 5 91.1477 5 90.29C5 89.3664 5.32793 88.5747 5.9838 87.9149L43.7616 52.8817C44.811 51.958 45.9587 51.7601 47.2049 52.2879C48.451 52.8817 49.0741 53.8383 49.0741 55.1579V77.3258H171.852C172.77 77.3258 173.524 77.6227 174.115 78.2164C174.705 78.8102 175 79.5689 175 80.4926Z&#039; fill=&#039;black&#039;\\\/&gt;&lt;\\\/svg&gt;&lt;\\\/div&gt;&quot;,&quot;rtl&quot;:false,&quot;itemsCount&quot;:4,&quot;fade&quot;:false,&quot;slidesToShow&quot;:{&quot;desktop&quot;:3,&quot;tablet&quot;:2,&quot;mobile&quot;:1}}\" dir=\"ltr\"><div class=\"jet-listing-grid__items grid-col-desk-3 grid-col-tablet-2 grid-col-mobile-1 jet-listing-grid--3880\" data-queried-id=\"5699|WP_Post\" data-nav=\"{&quot;enabled&quot;:false,&quot;type&quot;:null,&quot;more_el&quot;:null,&quot;query&quot;:[],&quot;widget_settings&quot;:{&quot;lisitng_id&quot;:3880,&quot;posts_num&quot;:60,&quot;columns&quot;:3,&quot;columns_tablet&quot;:2,&quot;columns_mobile&quot;:1,&quot;is_archive_template&quot;:&quot;&quot;,&quot;post_status&quot;:[&quot;publish&quot;],&quot;use_random_posts_num&quot;:&quot;&quot;,&quot;max_posts_num&quot;:9,&quot;not_found_message&quot;:&quot;No data was found&quot;,&quot;is_masonry&quot;:false,&quot;equal_columns_height&quot;:&quot;&quot;,&quot;use_load_more&quot;:&quot;&quot;,&quot;load_more_id&quot;:&quot;&quot;,&quot;load_more_type&quot;:&quot;click&quot;,&quot;load_more_offset&quot;:{&quot;unit&quot;:&quot;px&quot;,&quot;size&quot;:0,&quot;sizes&quot;:[]},&quot;use_custom_post_types&quot;:&quot;&quot;,&quot;custom_post_types&quot;:[],&quot;hide_widget_if&quot;:&quot;&quot;,&quot;carousel_enabled&quot;:&quot;yes&quot;,&quot;slides_to_scroll&quot;:&quot;1&quot;,&quot;arrows&quot;:&quot;true&quot;,&quot;arrow_icon&quot;:&quot;fa fa-long-arrow-left&quot;,&quot;dots&quot;:&quot;&quot;,&quot;autoplay&quot;:&quot;true&quot;,&quot;pause_on_hover&quot;:&quot;true&quot;,&quot;autoplay_speed&quot;:5000,&quot;infinite&quot;:&quot;true&quot;,&quot;center_mode&quot;:&quot;&quot;,&quot;effect&quot;:&quot;slide&quot;,&quot;speed&quot;:500,&quot;inject_alternative_items&quot;:&quot;&quot;,&quot;injection_items&quot;:[],&quot;scroll_slider_enabled&quot;:&quot;&quot;,&quot;scroll_slider_on&quot;:[&quot;desktop&quot;,&quot;tablet&quot;,&quot;mobile&quot;],&quot;custom_query&quot;:false,&quot;custom_query_id&quot;:&quot;&quot;,&quot;_element_id&quot;:&quot;&quot;}}\" data-page=\"1\" data-pages=\"1\" data-listing-source=\"posts\" data-listing-id=\"3880\" data-query-id=\"\"><div class=\"jet-listing-grid__item jet-listing-dynamic-post-5889\" data-post-id=\"5889\" >\t\t<div data-elementor-type=\"jet-listing-items\" data-elementor-id=\"3880\" class=\"elementor elementor-3880\" data-elementor-post-type=\"jet-engine\">\n\t\t\t\t<div class=\"elementor-element elementor-element-4602d65 e-flex e-con-boxed e-con e-parent\" data-id=\"4602d65\" data-element_type=\"container\" data-e-type=\"container\" data-settings=\"{&quot;jet_parallax_layout_list&quot;:[]}\">\n\t\t\t\t\t<div class=\"e-con-inner\">\n\t\t\t\t<div class=\"elementor-element elementor-element-af3e53f elementor-widget__width-inherit elementor-widget elementor-widget-image-box\" data-id=\"af3e53f\" data-element_type=\"widget\" data-e-type=\"widget\" data-widget_type=\"image-box.default\">\n\t\t\t\t<div class=\"elementor-widget-container\">\n\t\t\t\t\t<div class=\"elementor-image-box-wrapper\"><div class=\"elementor-image-box-content\"><h3 class=\"elementor-image-box-title\">Hans Van Moer<\/h3><p class=\"elementor-image-box-description\">Directeur de production<\/p><\/div><\/div>\t\t\t\t<\/div>\n\t\t\t\t<\/div>\n\t\t\t\t<div class=\"elementor-element elementor-element-5a6bb18 elementor-shape-circle elementor-widget__width-auto jedv-enabled--yes elementor-grid-0 e-grid-align-center elementor-widget elementor-widget-social-icons\" data-id=\"5a6bb18\" data-element_type=\"widget\" data-e-type=\"widget\" data-widget_type=\"social-icons.default\">\n\t\t\t\t<div class=\"elementor-widget-container\">\n\t\t\t\t\t\t\t<div class=\"elementor-social-icons-wrapper elementor-grid\">\n\t\t\t\t\t\t\t<span class=\"elementor-grid-item\">\n\t\t\t\t\t<a class=\"elementor-icon elementor-social-icon elementor-social-icon-linkedin elementor-repeater-item-7793374\" href=\"https:\/\/www.linkedin.com\/in\/hans-van-moer-908235297\/\" target=\"_blank\">\n\t\t\t\t\t\t<span class=\"elementor-screen-only\">Linkedin<\/span>\n\t\t\t\t\t\t<i aria-hidden=\"true\" class=\"fab fa-linkedin\"><\/i>\t\t\t\t\t<\/a>\n\t\t\t\t<\/span>\n\t\t\t\t\t<\/div>\n\t\t\t\t\t\t<\/div>\n\t\t\t\t<\/div>\n\t\t\t\t\t<\/div>\n\t\t\t\t<\/div>\n\t\t\t\t<\/div>\n\t\t<\/div><div class=\"jet-listing-grid__item jet-listing-dynamic-post-5890\" data-post-id=\"5890\" >\t\t<div data-elementor-type=\"jet-listing-items\" data-elementor-id=\"3880\" class=\"elementor elementor-3880\" data-elementor-post-type=\"jet-engine\">\n\t\t\t\t<div class=\"elementor-element elementor-element-4602d65 e-flex e-con-boxed e-con e-parent\" data-id=\"4602d65\" data-element_type=\"container\" data-e-type=\"container\" data-settings=\"{&quot;jet_parallax_layout_list&quot;:[]}\">\n\t\t\t\t\t<div class=\"e-con-inner\">\n\t\t\t\t<div class=\"elementor-element elementor-element-af3e53f elementor-widget__width-inherit elementor-widget elementor-widget-image-box\" data-id=\"af3e53f\" data-element_type=\"widget\" data-e-type=\"widget\" data-widget_type=\"image-box.default\">\n\t\t\t\t<div class=\"elementor-widget-container\">\n\t\t\t\t\t<div class=\"elementor-image-box-wrapper\"><div class=\"elementor-image-box-content\"><h3 class=\"elementor-image-box-title\">Maxime Lasseel<\/h3><p class=\"elementor-image-box-description\">Directeur administratif<\/p><\/div><\/div>\t\t\t\t<\/div>\n\t\t\t\t<\/div>\n\t\t\t\t<div class=\"elementor-element elementor-element-5a6bb18 elementor-shape-circle elementor-widget__width-auto jedv-enabled--yes elementor-grid-0 e-grid-align-center elementor-widget elementor-widget-social-icons\" data-id=\"5a6bb18\" data-element_type=\"widget\" data-e-type=\"widget\" data-widget_type=\"social-icons.default\">\n\t\t\t\t<div class=\"elementor-widget-container\">\n\t\t\t\t\t\t\t<div class=\"elementor-social-icons-wrapper elementor-grid\">\n\t\t\t\t\t\t\t<span class=\"elementor-grid-item\">\n\t\t\t\t\t<a class=\"elementor-icon elementor-social-icon elementor-social-icon-linkedin elementor-repeater-item-7793374\" href=\"https:\/\/www.linkedin.com\/in\/maximelasseel\/\" target=\"_blank\">\n\t\t\t\t\t\t<span class=\"elementor-screen-only\">Linkedin<\/span>\n\t\t\t\t\t\t<i aria-hidden=\"true\" class=\"fab fa-linkedin\"><\/i>\t\t\t\t\t<\/a>\n\t\t\t\t<\/span>\n\t\t\t\t\t<\/div>\n\t\t\t\t\t\t<\/div>\n\t\t\t\t<\/div>\n\t\t\t\t\t<\/div>\n\t\t\t\t<\/div>\n\t\t\t\t<\/div>\n\t\t<\/div><div class=\"jet-listing-grid__item jet-listing-dynamic-post-5891\" data-post-id=\"5891\" >\t\t<div data-elementor-type=\"jet-listing-items\" data-elementor-id=\"3880\" class=\"elementor elementor-3880\" data-elementor-post-type=\"jet-engine\">\n\t\t\t\t<div class=\"elementor-element elementor-element-4602d65 e-flex e-con-boxed e-con e-parent\" data-id=\"4602d65\" data-element_type=\"container\" data-e-type=\"container\" data-settings=\"{&quot;jet_parallax_layout_list&quot;:[]}\">\n\t\t\t\t\t<div class=\"e-con-inner\">\n\t\t\t\t<div class=\"elementor-element elementor-element-af3e53f elementor-widget__width-inherit elementor-widget elementor-widget-image-box\" data-id=\"af3e53f\" data-element_type=\"widget\" data-e-type=\"widget\" data-widget_type=\"image-box.default\">\n\t\t\t\t<div class=\"elementor-widget-container\">\n\t\t\t\t\t<div class=\"elementor-image-box-wrapper\"><div class=\"elementor-image-box-content\"><h3 class=\"elementor-image-box-title\">Mar\u00eda Garc\u00eda Olmedo<\/h3><p class=\"elementor-image-box-description\">Membre de l'\u00e9quipe<\/p><\/div><\/div>\t\t\t\t<\/div>\n\t\t\t\t<\/div>\n\t\t\t\t\t<\/div>\n\t\t\t\t<\/div>\n\t\t\t\t<\/div>\n\t\t<\/div><div class=\"jet-listing-grid__item jet-listing-dynamic-post-5892\" data-post-id=\"5892\" >\t\t<div data-elementor-type=\"jet-listing-items\" data-elementor-id=\"3880\" class=\"elementor elementor-3880\" data-elementor-post-type=\"jet-engine\">\n\t\t\t\t<div class=\"elementor-element elementor-element-4602d65 e-flex e-con-boxed e-con e-parent\" data-id=\"4602d65\" data-element_type=\"container\" data-e-type=\"container\" data-settings=\"{&quot;jet_parallax_layout_list&quot;:[]}\">\n\t\t\t\t\t<div class=\"e-con-inner\">\n\t\t\t\t<div class=\"elementor-element elementor-element-af3e53f elementor-widget__width-inherit elementor-widget elementor-widget-image-box\" data-id=\"af3e53f\" data-element_type=\"widget\" data-e-type=\"widget\" data-widget_type=\"image-box.default\">\n\t\t\t\t<div class=\"elementor-widget-container\">\n\t\t\t\t\t<div class=\"elementor-image-box-wrapper\"><div class=\"elementor-image-box-content\"><h3 class=\"elementor-image-box-title\">Elisabeth Pulido Serrano<\/h3><p class=\"elementor-image-box-description\">membre de l'\u00e9quipe<\/p><\/div><\/div>\t\t\t\t<\/div>\n\t\t\t\t<\/div>\n\t\t\t\t\t<\/div>\n\t\t\t\t<\/div>\n\t\t\t\t<\/div>\n\t\t<\/div><\/div><\/div><\/div>\t\t\t\t<\/div>\n\t\t\t\t<\/div>\n\t\t\t\t\t<\/div>\n\t\t\t\t<\/div>\n\t\t\t\t<\/div>","protected":false},"excerpt":{"rendered":"<p>Dedicated Experts Committed to Innovation and Excellence Our Team Get to Know the Skilled Professionals Who Drive Our Innovation and Ensure the Highest Standards in Every Solution We Deliver Linkedin Linkedin<\/p>","protected":false},"author":15,"featured_media":5660,"parent":0,"menu_order":0,"comment_status":"closed","ping_status":"closed","template":"elementor_header_footer","meta":{"site-sidebar-layout":"no-sidebar","site-content-layout":"page-builder","ast-site-content-layout":"full-width-container","site-content-style":"default","site-sidebar-style":"default","ast-global-header-display":"","ast-banner-title-visibility":"","ast-main-header-display":"","ast-hfb-above-header-display":"","ast-hfb-below-header-display":"","ast-hfb-mobile-header-display":"","site-post-title":"disabled","ast-breadcrumbs-content":"","ast-featured-img":"disabled","footer-sml-layout":"","ast-disable-related-posts":"","theme-transparent-header-meta":"","adv-header-id-meta":"","stick-header-meta":"","header-above-stick-meta":"","header-main-stick-meta":"","header-below-stick-meta":"","astra-migrate-meta-layouts":"set","ast-page-background-enabled":"default","ast-page-background-meta":{"desktop":{"background-color":"","background-image":"","background-repeat":"repeat","background-position":"center center","background-size":"auto","background-attachment":"scroll","background-type":"","background-media":"","overlay-type":"","overlay-color":"","overlay-opacity":"","overlay-gradient":""},"tablet":{"background-color":"","background-image":"","background-repeat":"repeat","background-position":"center center","background-size":"auto","background-attachment":"scroll","background-type":"","background-media":"","overlay-type":"","overlay-color":"","overlay-opacity":"","overlay-gradient":""},"mobile":{"background-color":"","background-image":"","background-repeat":"repeat","background-position":"center center","background-size":"auto","background-attachment":"scroll","background-type":"","background-media":"","overlay-type":"","overlay-color":"","overlay-opacity":"","overlay-gradient":""}},"ast-content-background-meta":{"desktop":{"background-color":"var(--ast-global-color-5)","background-image":"","background-repeat":"repeat","background-position":"center center","background-size":"auto","background-attachment":"scroll","background-type":"","background-media":"","overlay-type":"","overlay-color":"","overlay-opacity":"","overlay-gradient":""},"tablet":{"background-color":"var(--ast-global-color-5)","background-image":"","background-repeat":"repeat","background-position":"center center","background-size":"auto","background-attachment":"scroll","background-type":"","background-media":"","overlay-type":"","overlay-color":"","overlay-opacity":"","overlay-gradient":""},"mobile":{"background-color":"var(--ast-global-color-5)","background-image":"","background-repeat":"repeat","background-position":"center center","background-size":"auto","background-attachment":"scroll","background-type":"","background-media":"","overlay-type":"","overlay-color":"","overlay-opacity":"","overlay-gradient":""}},"footnotes":""},"class_list":["post-5699","page","type-page","status-publish","has-post-thumbnail","hentry"],"yoast_head":"<!-- This site is optimized with the Yoast SEO plugin v27.4 - https:\/\/yoast.com\/product\/yoast-seo-wordpress\/ -->\n<title>Team - SlideX<\/title>\n<meta name=\"description\" content=\"Dedicated Experts Committed to Innovation and Excellence\" \/>\n<meta name=\"robots\" content=\"index, follow, max-snippet:-1, max-image-preview:large, max-video-preview:-1\" \/>\n<link rel=\"canonical\" href=\"https:\/\/slidex.bio\/fr\/team\/\" \/>\n<meta property=\"og:locale\" content=\"fr_FR\" \/>\n<meta property=\"og:type\" content=\"article\" \/>\n<meta property=\"og:title\" content=\"Team - SlideX\" \/>\n<meta property=\"og:description\" content=\"Dedicated Experts Committed to Innovation and Excellence\" \/>\n<meta property=\"og:url\" content=\"https:\/\/slidex.bio\/fr\/team\/\" \/>\n<meta property=\"og:site_name\" content=\"SlideX\" \/>\n<meta property=\"article:modified_time\" content=\"2024-10-06T13:40:27+00:00\" \/>\n<meta property=\"og:image\" content=\"https:\/\/slidex.bio\/wp-content\/uploads\/2022\/10\/copy-Colorlogowithbackground-removebg-preview-1.png\" \/>\n\t<meta property=\"og:image:width\" content=\"873\" \/>\n\t<meta property=\"og:image:height\" content=\"277\" \/>\n\t<meta property=\"og:image:type\" content=\"image\/png\" \/><meta property=\"og:image\" content=\"https:\/\/slidex.bio\/wp-content\/uploads\/2024\/08\/shutterstock_2485563927.webp\" \/>\n\t<meta property=\"og:image:width\" content=\"1920\" \/>\n\t<meta property=\"og:image:height\" content=\"1013\" \/>\n\t<meta property=\"og:image:type\" content=\"image\/webp\" \/>\n<meta name=\"twitter:card\" content=\"summary_large_image\" \/>\n<meta name=\"twitter:label1\" content=\"Dur\u00e9e de lecture estim\u00e9e\" \/>\n\t<meta name=\"twitter:data1\" content=\"1 minute\" \/>\n<script type=\"application\/ld+json\" class=\"yoast-schema-graph\">{\"@context\":\"https:\\\/\\\/schema.org\",\"@graph\":[{\"@type\":\"WebPage\",\"@id\":\"https:\\\/\\\/slidex.bio\\\/team\\\/\",\"url\":\"https:\\\/\\\/slidex.bio\\\/team\\\/\",\"name\":\"Team - SlideX\",\"isPartOf\":{\"@id\":\"https:\\\/\\\/slidex.bio\\\/#website\"},\"primaryImageOfPage\":{\"@id\":\"https:\\\/\\\/slidex.bio\\\/team\\\/#primaryimage\"},\"image\":{\"@id\":\"https:\\\/\\\/slidex.bio\\\/team\\\/#primaryimage\"},\"thumbnailUrl\":\"https:\\\/\\\/slidex.bio\\\/wp-content\\\/uploads\\\/2024\\\/08\\\/shutterstock_2485563927.webp\",\"datePublished\":\"2024-09-11T08:43:36+00:00\",\"dateModified\":\"2024-10-06T13:40:27+00:00\",\"description\":\"Dedicated Experts Committed to Innovation and Excellence\",\"breadcrumb\":{\"@id\":\"https:\\\/\\\/slidex.bio\\\/team\\\/#breadcrumb\"},\"inLanguage\":\"fr-FR\",\"potentialAction\":[{\"@type\":\"ReadAction\",\"target\":[\"https:\\\/\\\/slidex.bio\\\/team\\\/\"]}]},{\"@type\":\"ImageObject\",\"inLanguage\":\"fr-FR\",\"@id\":\"https:\\\/\\\/slidex.bio\\\/team\\\/#primaryimage\",\"url\":\"https:\\\/\\\/slidex.bio\\\/wp-content\\\/uploads\\\/2024\\\/08\\\/shutterstock_2485563927.webp\",\"contentUrl\":\"https:\\\/\\\/slidex.bio\\\/wp-content\\\/uploads\\\/2024\\\/08\\\/shutterstock_2485563927.webp\",\"width\":1920,\"height\":1013,\"caption\":\"Team page subhero image webp file\"},{\"@type\":\"BreadcrumbList\",\"@id\":\"https:\\\/\\\/slidex.bio\\\/team\\\/#breadcrumb\",\"itemListElement\":[{\"@type\":\"ListItem\",\"position\":1,\"name\":\"Home\",\"item\":\"https:\\\/\\\/slidex.bio\\\/\"},{\"@type\":\"ListItem\",\"position\":2,\"name\":\"Team\"}]},{\"@type\":\"WebSite\",\"@id\":\"https:\\\/\\\/slidex.bio\\\/#website\",\"url\":\"https:\\\/\\\/slidex.bio\\\/\",\"name\":\"SlideX\",\"description\":\"Microscope slides for biotechnology applications\",\"publisher\":{\"@id\":\"https:\\\/\\\/slidex.bio\\\/#organization\"},\"potentialAction\":[{\"@type\":\"SearchAction\",\"target\":{\"@type\":\"EntryPoint\",\"urlTemplate\":\"https:\\\/\\\/slidex.bio\\\/?s={search_term_string}\"},\"query-input\":{\"@type\":\"PropertyValueSpecification\",\"valueRequired\":true,\"valueName\":\"search_term_string\"}}],\"inLanguage\":\"fr-FR\"},{\"@type\":\"Organization\",\"@id\":\"https:\\\/\\\/slidex.bio\\\/#organization\",\"name\":\"SlideX\",\"url\":\"https:\\\/\\\/slidex.bio\\\/\",\"logo\":{\"@type\":\"ImageObject\",\"inLanguage\":\"fr-FR\",\"@id\":\"https:\\\/\\\/slidex.bio\\\/#\\\/schema\\\/logo\\\/image\\\/\",\"url\":\"https:\\\/\\\/slidex.bio\\\/wp-content\\\/uploads\\\/2022\\\/10\\\/copy-Colorlogowithbackground-removebg-preview-1.png\",\"contentUrl\":\"https:\\\/\\\/slidex.bio\\\/wp-content\\\/uploads\\\/2022\\\/10\\\/copy-Colorlogowithbackground-removebg-preview-1.png\",\"width\":873,\"height\":277,\"caption\":\"SlideX\"},\"image\":{\"@id\":\"https:\\\/\\\/slidex.bio\\\/#\\\/schema\\\/logo\\\/image\\\/\"}}]}<\/script>\n<!-- \/ Yoast SEO plugin. -->","yoast_head_json":{"title":"Team - SlideX","description":"Des experts d\u00e9vou\u00e9s engag\u00e9s dans l'innovation et l'excellence","robots":{"index":"index","follow":"follow","max-snippet":"max-snippet:-1","max-image-preview":"max-image-preview:large","max-video-preview":"max-video-preview:-1"},"canonical":"https:\/\/slidex.bio\/fr\/team\/","og_locale":"fr_FR","og_type":"article","og_title":"Team - SlideX","og_description":"Dedicated Experts Committed to Innovation and Excellence","og_url":"https:\/\/slidex.bio\/fr\/team\/","og_site_name":"SlideX","article_modified_time":"2024-10-06T13:40:27+00:00","og_image":[{"width":873,"height":277,"url":"https:\/\/slidex.bio\/wp-content\/uploads\/2022\/10\/copy-Colorlogowithbackground-removebg-preview-1.png","type":"image\/png"},{"width":1920,"height":1013,"url":"https:\/\/slidex.bio\/wp-content\/uploads\/2024\/08\/shutterstock_2485563927.webp","type":"image\/webp"}],"twitter_card":"summary_large_image","twitter_misc":{"Dur\u00e9e de lecture estim\u00e9e":"1 minute"},"schema":{"@context":"https:\/\/schema.org","@graph":[{"@type":"WebPage","@id":"https:\/\/slidex.bio\/team\/","url":"https:\/\/slidex.bio\/team\/","name":"Team - SlideX","isPartOf":{"@id":"https:\/\/slidex.bio\/#website"},"primaryImageOfPage":{"@id":"https:\/\/slidex.bio\/team\/#primaryimage"},"image":{"@id":"https:\/\/slidex.bio\/team\/#primaryimage"},"thumbnailUrl":"https:\/\/slidex.bio\/wp-content\/uploads\/2024\/08\/shutterstock_2485563927.webp","datePublished":"2024-09-11T08:43:36+00:00","dateModified":"2024-10-06T13:40:27+00:00","description":"Des experts d\u00e9vou\u00e9s engag\u00e9s dans l'innovation et l'excellence","breadcrumb":{"@id":"https:\/\/slidex.bio\/team\/#breadcrumb"},"inLanguage":"fr-FR","potentialAction":[{"@type":"ReadAction","target":["https:\/\/slidex.bio\/team\/"]}]},{"@type":"ImageObject","inLanguage":"fr-FR","@id":"https:\/\/slidex.bio\/team\/#primaryimage","url":"https:\/\/slidex.bio\/wp-content\/uploads\/2024\/08\/shutterstock_2485563927.webp","contentUrl":"https:\/\/slidex.bio\/wp-content\/uploads\/2024\/08\/shutterstock_2485563927.webp","width":1920,"height":1013,"caption":"Team page subhero image webp file"},{"@type":"BreadcrumbList","@id":"https:\/\/slidex.bio\/team\/#breadcrumb","itemListElement":[{"@type":"ListItem","position":1,"name":"Home","item":"https:\/\/slidex.bio\/"},{"@type":"ListItem","position":2,"name":"Team"}]},{"@type":"WebSite","@id":"https:\/\/slidex.bio\/#website","url":"https:\/\/slidex.bio\/","name":"SlideX","description":"Microscope slides for biotechnology applications","publisher":{"@id":"https:\/\/slidex.bio\/#organization"},"potentialAction":[{"@type":"SearchAction","target":{"@type":"EntryPoint","urlTemplate":"https:\/\/slidex.bio\/?s={search_term_string}"},"query-input":{"@type":"PropertyValueSpecification","valueRequired":true,"valueName":"search_term_string"}}],"inLanguage":"fr-FR"},{"@type":"Organization","@id":"https:\/\/slidex.bio\/#organization","name":"SlideX","url":"https:\/\/slidex.bio\/","logo":{"@type":"ImageObject","inLanguage":"fr-FR","@id":"https:\/\/slidex.bio\/#\/schema\/logo\/image\/","url":"https:\/\/slidex.bio\/wp-content\/uploads\/2022\/10\/copy-Colorlogowithbackground-removebg-preview-1.png","contentUrl":"https:\/\/slidex.bio\/wp-content\/uploads\/2022\/10\/copy-Colorlogowithbackground-removebg-preview-1.png","width":873,"height":277,"caption":"SlideX"},"image":{"@id":"https:\/\/slidex.bio\/#\/schema\/logo\/image\/"}}]}},"_links":{"self":[{"href":"https:\/\/slidex.bio\/fr\/wp-json\/wp\/v2\/pages\/5699","targetHints":{"allow":["GET"]}}],"collection":[{"href":"https:\/\/slidex.bio\/fr\/wp-json\/wp\/v2\/pages"}],"about":[{"href":"https:\/\/slidex.bio\/fr\/wp-json\/wp\/v2\/types\/page"}],"author":[{"embeddable":true,"href":"https:\/\/slidex.bio\/fr\/wp-json\/wp\/v2\/users\/15"}],"replies":[{"embeddable":true,"href":"https:\/\/slidex.bio\/fr\/wp-json\/wp\/v2\/comments?post=5699"}],"version-history":[{"count":25,"href":"https:\/\/slidex.bio\/fr\/wp-json\/wp\/v2\/pages\/5699\/revisions"}],"predecessor-version":[{"id":6299,"href":"https:\/\/slidex.bio\/fr\/wp-json\/wp\/v2\/pages\/5699\/revisions\/6299"}],"wp:featuredmedia":[{"embeddable":true,"href":"https:\/\/slidex.bio\/fr\/wp-json\/wp\/v2\/media\/5660"}],"wp:attachment":[{"href":"https:\/\/slidex.bio\/fr\/wp-json\/wp\/v2\/media?parent=5699"}],"curies":[{"name":"wp","href":"https:\/\/api.w.org\/{rel}","templated":true}]}}